{"id":105,"date":"2020-06-29T23:38:07","date_gmt":"2020-06-29T23:38:07","guid":{"rendered":"https:\/\/demosites.io\/pet-shop-gb\/?page_id=105"},"modified":"2024-11-05T12:49:11","modified_gmt":"2024-11-05T12:49:11","slug":"d09c8-home","status":"publish","type":"page","link":"https:\/\/ep.letece-tacke.si\/","title":{"rendered":"Home"},"content":{"rendered":"<div id=\"wp-block-themeisle-blocks-advanced-columns-ab114888\" class=\"wp-block-themeisle-blocks-advanced-columns alignfull has-1-columns has-desktop-equal-layout has-tablet-equal-layout has-mobile-equal-layout has-vertical-unset has-light-bg\"><div class=\"wp-block-themeisle-blocks-advanced-columns-overlay\"><\/div><div class=\"innerblocks-wrap\"><div id=\"wp-block-themeisle-blocks-advanced-column-9d553972\" class=\"wp-block-themeisle-blocks-advanced-column\"><div class=\"alignnormal\"><div id=\"metaslider-id-239\" style=\"width: 100%;\" class=\"ml-slider-3-92-1 metaslider metaslider-flex metaslider-239 ml-slider ml-slider-lightbox-1-13-2 lightbox-disabled ms-theme-default\" role=\"region\" aria-roledescription=\"Slideshow\" aria-label=\"Front\">\n    <div id=\"metaslider_container_239\">\n        <div id=\"metaslider_239\">\n            <ul class='slides'>\n                <li style=\"display: block; width: 100%;\" class=\"slide-240 ms-image \" aria-roledescription=\"slide\" aria-label=\"slide-240\"><img loading=\"lazy\" decoding=\"async\" src=\"https:\/\/ep.letece-tacke.si\/wp-content\/uploads\/2024\/11\/438109306_1141671227071109_4166408966758171786_n-Copy-700x300.jpg\" height=\"300\" width=\"700\" alt=\"\" class=\"slider-239 slide-240\" title=\"438109306_1141671227071109_4166408966758171786_n - Copy\" \/><div class=\"caption-wrap\"><div class=\"caption\"><div>Odkrijte pasji frizbi od za\u010detkov pa do tekmovanj na najvi\u0161jem nivoju!<\/div><\/div><\/div><\/li>\n                <li style=\"display: none; width: 100%;\" class=\"slide-242 ms-image \" aria-roledescription=\"slide\" aria-label=\"slide-242\"><img loading=\"lazy\" decoding=\"async\" src=\"https:\/\/ep.letece-tacke.si\/wp-content\/uploads\/2020\/04\/Ales-3-scaled-700x300.jpg\" height=\"300\" width=\"700\" alt=\"\" class=\"slider-239 slide-242\" title=\"Ales (3)\" \/><div class=\"caption-wrap\"><div class=\"caption\"><div>Freestyle oz. prosti slog je posebna disciplina, ki zahteva veliko koordinacije in sodelovanja med psom in vodnikom!<\/div><\/div><\/div><\/li>\n                <li style=\"display: none; width: 100%;\" class=\"slide-244 ms-image \" aria-roledescription=\"slide\" aria-label=\"slide-244\"><img loading=\"lazy\" decoding=\"async\" src=\"https:\/\/ep.letece-tacke.si\/wp-content\/uploads\/2024\/11\/R3A6066-scaled-700x300.jpg\" height=\"300\" width=\"700\" alt=\"\" class=\"slider-239 slide-244\" title=\"_R3A6066\" \/><div class=\"caption-wrap\"><div class=\"caption\"><div>Z frizbiji se ukvarjamo \u017ee od leta 2007, na\u0161e izku\u0161nje nam pomagajo ponuditi najbolj\u0161e za vas!<\/div><\/div><\/div><\/li>\n            <\/ul>\n        <\/div>\n        \n    <\/div>\n<\/div><\/div><\/div><\/div><\/div><div id=\"wp-block-themeisle-blocks-advanced-columns-b466e9c4\" class=\"wp-block-themeisle-blocks-advanced-columns alignfull has-3-columns has-desktop-equal-layout has-tablet-equal-layout has-mobile-collapsedRows-layout has-vertical-unset has-light-bg\"><div class=\"wp-block-themeisle-blocks-advanced-columns-overlay\"><\/div><div class=\"innerblocks-wrap\"><div id=\"wp-block-themeisle-blocks-advanced-column-68b5d989\" class=\"wp-block-themeisle-blocks-advanced-column has-light-bg\"><div class=\"wp-block-themeisle-blocks-service\"><div id=\"wp-block-themeisle-blocks-font-awesome-icons-af5bd642\" class=\"wp-block-themeisle-blocks-font-awesome-icons\"><span class=\"wp-block-themeisle-blocks-font-awesome-icons-container\"><a href=\"https:\/\/ep.letece-tacke.si\/index.php\/kategorija-izdelka\/tekmovalni\/\" target=\"_self\" rel=\"noopener noreferrer\"><i class=\"fas fa-paw\"><\/i><\/a><\/span><\/div>\n\n<h3 class=\"wp-block-heading has-text-align-center\">Tekmovalni frizbi<\/h3>\n\n<p class=\"has-text-align-center\">Frizbiji odobreni za tekmovanje na mednarodnih tekmovanjih<\/p><\/div><\/div>\n\n<div id=\"wp-block-themeisle-blocks-advanced-column-4f0f788e\" class=\"wp-block-themeisle-blocks-advanced-column has-light-bg\"><div id=\"wp-block-themeisle-blocks-font-awesome-icons-170e6868\" class=\"wp-block-themeisle-blocks-font-awesome-icons\"><span class=\"wp-block-themeisle-blocks-font-awesome-icons-container\"><a href=\"https:\/\/ep.letece-tacke.si\/index.php\/kategorija-izdelka\/odporni\/\" target=\"_self\" rel=\"noopener noreferrer\"><i class=\"fas fa-paw\"><\/i><\/a><\/span><\/div>\n\n<h3 class=\"wp-block-heading has-text-align-center\">Odporni na ugrize<\/h3>\n\n<p class=\"has-text-align-center\">Frizbiji odporni na ugrize<\/p><\/div>\n\n<div id=\"wp-block-themeisle-blocks-advanced-column-a53d789a\" class=\"wp-block-themeisle-blocks-advanced-column has-light-bg\"><div id=\"wp-block-themeisle-blocks-font-awesome-icons-4a9390de\" class=\"wp-block-themeisle-blocks-font-awesome-icons\"><span class=\"wp-block-themeisle-blocks-font-awesome-icons-container\"><a href=\"https:\/\/ep.letece-tacke.si\/index.php\/kategorija-izdelka\/mali\/\" target=\"_self\" rel=\"noopener noreferrer\"><i class=\"fas fa-paw\"><\/i><\/a><\/span><\/div>\n\n<h3 class=\"wp-block-heading has-text-align-center\">Mali frizbi<\/h3>\n\n<p class=\"has-text-align-center\">Frizbiji za manj\u0161e pse<\/p><\/div><\/div><\/div><div id=\"wp-block-themeisle-blocks-advanced-columns-08bcd8f6\" class=\"wp-block-themeisle-blocks-advanced-columns alignfull has-2-columns has-desktop-oneTwo-layout has-tablet-equal-layout has-mobile-collapsedRows-layout has-vertical-unset has-dark-bg\"><div class=\"wp-block-themeisle-blocks-advanced-columns-overlay\"><\/div><div class=\"innerblocks-wrap\"><div id=\"wp-block-themeisle-blocks-advanced-column-7ccc17b6\" class=\"wp-block-themeisle-blocks-advanced-column\"><figure class=\"wp-block-image size-full\"><img loading=\"lazy\" decoding=\"async\" width=\"1707\" height=\"2560\" src=\"https:\/\/ep.letece-tacke.si\/wp-content\/uploads\/2020\/04\/9O9A7162-Edit-scaled.jpg\" alt=\"\" class=\"wp-image-270\" srcset=\"https:\/\/ep.letece-tacke.si\/wp-content\/uploads\/2020\/04\/9O9A7162-Edit-scaled.jpg 1707w, https:\/\/ep.letece-tacke.si\/wp-content\/uploads\/2020\/04\/9O9A7162-Edit-200x300.jpg 200w, https:\/\/ep.letece-tacke.si\/wp-content\/uploads\/2020\/04\/9O9A7162-Edit-683x1024.jpg 683w, https:\/\/ep.letece-tacke.si\/wp-content\/uploads\/2020\/04\/9O9A7162-Edit-768x1152.jpg 768w, https:\/\/ep.letece-tacke.si\/wp-content\/uploads\/2020\/04\/9O9A7162-Edit-1024x1536.jpg 1024w, https:\/\/ep.letece-tacke.si\/wp-content\/uploads\/2020\/04\/9O9A7162-Edit-1366x2048.jpg 1366w, https:\/\/ep.letece-tacke.si\/wp-content\/uploads\/2020\/04\/9O9A7162-Edit-600x900.jpg 600w\" sizes=\"(max-width: 1707px) 100vw, 1707px\" \/><\/figure><\/div>\n\n<div id=\"wp-block-themeisle-blocks-advanced-column-546e1574\" class=\"wp-block-themeisle-blocks-advanced-column\"><h2 class=\"wp-block-heading has-nv-text-dark-bg-color has-text-color\">S pasjim frizbijem se ukvarjamo \u017ee od leta 2007<\/h2>\n\n<div style=\"height:20px\" aria-hidden=\"true\" class=\"wp-block-spacer\"><\/div>\n\n<p class=\"has-nv-text-dark-bg-color has-text-color\" style=\"font-size:22px\">Zdru\u017eujejo nas na\u0161i psi in frizbiji. Nudimo nakup priznanih frizbijev vseh velikih proizvajalcev. <\/p>\n\n<p class=\"has-nv-text-dark-bg-color has-text-color\" style=\"font-size:22px\">Hkrati vam nudimo tudi te\u010daje in seminarje pasjega frizbija po vsej Sloveniji. Na\u0161i izku\u0161eni in\u0161truktorji bodo vam in va\u0161emu psi pomagali pri ustvarjanju va\u0161e frizbi kariere.<\/p>\n\n<div style=\"height:40px\" aria-hidden=\"true\" class=\"wp-block-spacer\"><\/div>\n\n<div class=\"wp-block-buttons is-layout-flex wp-block-buttons-is-layout-flex\"><div class=\"wp-block-button\"><a class=\"wp-block-button__link wp-element-button\" href=\"https:\/\/ep.letece-tacke.si\/index.php\/d09c8-about\/\">O nas<\/a><\/div><\/div><\/div><\/div><\/div><div id=\"wp-block-themeisle-blocks-advanced-columns-7ca699a0\" class=\"wp-block-themeisle-blocks-advanced-columns alignfull has-1-columns has-desktop-equal-layout has-tablet-equal-layout has-mobile-equal-layout has-vertical-unset has-light-bg\"><div class=\"wp-block-themeisle-blocks-advanced-columns-overlay\"><\/div><div class=\"innerblocks-wrap\"><div id=\"wp-block-themeisle-blocks-advanced-column-01546f97\" class=\"wp-block-themeisle-blocks-advanced-column\"><h2 class=\"wp-block-heading has-text-align-center has-neve-text-color-color has-text-color\">Izbrani produkti<\/h2>\n\n<hr class=\"wp-block-separator has-text-color has-neve-button-color-color has-css-opacity has-neve-button-color-background-color has-background\"\/>\n\n<div data-block-name=\"woocommerce\/product-new\" data-content-visibility=\"{&quot;title&quot;:true,&quot;price&quot;:true,&quot;rating&quot;:false,&quot;button&quot;:true}\" data-rows=\"1\" class=\"wc-block-grid wp-block-product-new wc-block-product-new has-3-columns\"><ul class=\"wc-block-grid__products\"><li class=\"wc-block-grid__product\">\n\t\t\t\t<a href=\"https:\/\/ep.letece-tacke.si\/index.php\/izdelek\/hero-xtra\/\" class=\"wc-block-grid__product-link\">\n\t\t\t\t\t\n\t\t\t\t\t<div class=\"wc-block-grid__product-image\"><img loading=\"lazy\" decoding=\"async\" width=\"300\" height=\"300\" src=\"https:\/\/ep.letece-tacke.si\/wp-content\/uploads\/2020\/04\/hero-xtra-distance-300x300.jpg\" class=\"attachment-woocommerce_thumbnail size-woocommerce_thumbnail\" alt=\"Hero XTRA\" srcset=\"https:\/\/ep.letece-tacke.si\/wp-content\/uploads\/2020\/04\/hero-xtra-distance-300x300.jpg 300w, https:\/\/ep.letece-tacke.si\/wp-content\/uploads\/2020\/04\/hero-xtra-distance-150x150.jpg 150w, https:\/\/ep.letece-tacke.si\/wp-content\/uploads\/2020\/04\/hero-xtra-distance-100x100.jpg 100w\" sizes=\"(max-width: 300px) 100vw, 300px\" \/><\/div>\n\t\t\t\t\t<div class=\"wc-block-grid__product-title\">Hero XTRA<\/div>\n\t\t\t\t<\/a>\n\t\t\t\t<div class=\"wc-block-grid__product-price price\"><span class=\"woocommerce-Price-amount amount\">10,00&nbsp;<span class=\"woocommerce-Price-currencySymbol\">&euro;<\/span><\/span><\/div>\n\t\t\t\t\n\t\t\t\t<div class=\"wp-block-button wc-block-grid__product-add-to-cart\"><a href=\"?add-to-cart=180\" aria-label=\"Dodaj v ko\u0161arico: &ldquo;Hero XTRA&rdquo;\" data-quantity=\"1\" data-product_id=\"180\" data-product_sku=\"\" data-price=\"10\" rel=\"nofollow\" class=\"wp-block-button__link  add_to_cart_button ajax_add_to_cart\">Dodaj v ko\u0161arico<\/a><\/div>\n\t\t\t<\/li><li class=\"wc-block-grid__product\">\n\t\t\t\t<a href=\"https:\/\/ep.letece-tacke.si\/index.php\/izdelek\/super-sonic\/\" class=\"wc-block-grid__product-link\">\n\t\t\t\t\t\n\t\t\t\t\t<div class=\"wc-block-grid__product-image\"><img loading=\"lazy\" decoding=\"async\" width=\"300\" height=\"300\" src=\"https:\/\/ep.letece-tacke.si\/wp-content\/uploads\/2020\/04\/Frisbeewinkel-Hero-Supersonic-Taffy-groen-300x300.jpg\" class=\"attachment-woocommerce_thumbnail size-woocommerce_thumbnail\" alt=\"Super Sonic\" srcset=\"https:\/\/ep.letece-tacke.si\/wp-content\/uploads\/2020\/04\/Frisbeewinkel-Hero-Supersonic-Taffy-groen-300x300.jpg 300w, https:\/\/ep.letece-tacke.si\/wp-content\/uploads\/2020\/04\/Frisbeewinkel-Hero-Supersonic-Taffy-groen-150x150.jpg 150w, https:\/\/ep.letece-tacke.si\/wp-content\/uploads\/2020\/04\/Frisbeewinkel-Hero-Supersonic-Taffy-groen-100x100.jpg 100w, https:\/\/ep.letece-tacke.si\/wp-content\/uploads\/2020\/04\/Frisbeewinkel-Hero-Supersonic-Taffy-groen.jpg 600w\" sizes=\"(max-width: 300px) 100vw, 300px\" \/><\/div>\n\t\t\t\t\t<div class=\"wc-block-grid__product-title\">Super Sonic<\/div>\n\t\t\t\t<\/a>\n\t\t\t\t<div class=\"wc-block-grid__product-price price\"><span class=\"woocommerce-Price-amount amount\">22,00&nbsp;<span class=\"woocommerce-Price-currencySymbol\">&euro;<\/span><\/span><\/div>\n\t\t\t\t\n\t\t\t\t<div class=\"wp-block-button wc-block-grid__product-add-to-cart\"><a href=\"?add-to-cart=179\" aria-label=\"Dodaj v ko\u0161arico: &ldquo;Super Sonic&rdquo;\" data-quantity=\"1\" data-product_id=\"179\" data-product_sku=\"\" data-price=\"22\" rel=\"nofollow\" class=\"wp-block-button__link  add_to_cart_button ajax_add_to_cart\">Dodaj v ko\u0161arico<\/a><\/div>\n\t\t\t<\/li><li class=\"wc-block-grid__product\">\n\t\t\t\t<a href=\"https:\/\/ep.letece-tacke.si\/index.php\/izdelek\/jawz\/\" class=\"wc-block-grid__product-link\">\n\t\t\t\t\t\n\t\t\t\t\t<div class=\"wc-block-grid__product-image\"><img loading=\"lazy\" decoding=\"async\" width=\"300\" height=\"300\" src=\"https:\/\/ep.letece-tacke.si\/wp-content\/uploads\/2020\/04\/K-10-JZ-Lemon-Lime-300x300.png\" class=\"attachment-woocommerce_thumbnail size-woocommerce_thumbnail\" alt=\"JAWZ\" srcset=\"https:\/\/ep.letece-tacke.si\/wp-content\/uploads\/2020\/04\/K-10-JZ-Lemon-Lime-300x300.png 300w, https:\/\/ep.letece-tacke.si\/wp-content\/uploads\/2020\/04\/K-10-JZ-Lemon-Lime-150x150.png 150w, https:\/\/ep.letece-tacke.si\/wp-content\/uploads\/2020\/04\/K-10-JZ-Lemon-Lime-768x768.png 768w, https:\/\/ep.letece-tacke.si\/wp-content\/uploads\/2020\/04\/K-10-JZ-Lemon-Lime-600x600.png 600w, https:\/\/ep.letece-tacke.si\/wp-content\/uploads\/2020\/04\/K-10-JZ-Lemon-Lime-100x100.png 100w, https:\/\/ep.letece-tacke.si\/wp-content\/uploads\/2020\/04\/K-10-JZ-Lemon-Lime.png 800w\" sizes=\"(max-width: 300px) 100vw, 300px\" \/><\/div>\n\t\t\t\t\t<div class=\"wc-block-grid__product-title\">JAWZ<\/div>\n\t\t\t\t<\/a>\n\t\t\t\t<div class=\"wc-block-grid__product-price price\"><span class=\"woocommerce-Price-amount amount\">65,00&nbsp;<span class=\"woocommerce-Price-currencySymbol\">&euro;<\/span><\/span><\/div>\n\t\t\t\t\n\t\t\t\t<div class=\"wp-block-button wc-block-grid__product-add-to-cart\"><a href=\"?add-to-cart=178\" aria-label=\"Dodaj v ko\u0161arico: &ldquo;JAWZ&rdquo;\" data-quantity=\"1\" data-product_id=\"178\" data-product_sku=\"\" data-price=\"65\" rel=\"nofollow\" class=\"wp-block-button__link  add_to_cart_button ajax_add_to_cart\">Dodaj v ko\u0161arico<\/a><\/div>\n\t\t\t<\/li><\/ul><\/div>\n\n<div style=\"height:20px\" aria-hidden=\"true\" class=\"wp-block-spacer\"><\/div>\n\n<div id=\"wp-block-themeisle-blocks-button-group-d66b4dbf\" class=\"wp-block-themeisle-blocks-button-group wp-block-buttons align-center\"><div id=\"wp-block-themeisle-blocks-button-65fc7bca\" class=\"wp-block-themeisle-blocks-button wp-block-button\"><a href=\"#\" target=\"_self\" rel=\"noopener noreferrer\" class=\"wp-block-button__link\"><span>Vsi produkti<\/span><\/a><\/div><\/div><\/div><\/div><\/div>","protected":false},"excerpt":{"rendered":"","protected":false},"author":1,"featured_media":0,"parent":0,"menu_order":0,"comment_status":"closed","ping_status":"closed","template":"","meta":{"neve_meta_sidebar":"full-width","neve_meta_container":"","neve_meta_enable_content_width":"on","neve_meta_content_width":100,"neve_meta_title_alignment":"","neve_meta_author_avatar":"","neve_post_elements_order":"","neve_meta_disable_header":"","neve_meta_disable_footer":"","neve_meta_disable_title":"on","_themeisle_gutenberg_block_has_review":false,"_ti_tpc_template_sync":false,"_ti_tpc_template_id":"695blg4xn7pkav5zqwfm","footnotes":""},"class_list":["post-105","page","type-page","status-publish","hentry"],"yoast_head":"<!-- This site is optimized with the Yoast SEO plugin v23.7 - https:\/\/yoast.com\/wordpress\/plugins\/seo\/ -->\n<title>Home - Frizbi<\/title>\n<meta name=\"robots\" content=\"index, follow, max-snippet:-1, max-image-preview:large, max-video-preview:-1\" \/>\n<link rel=\"canonical\" href=\"https:\/\/ep.letece-tacke.si\/\" \/>\n<meta property=\"og:locale\" content=\"sl_SI\" \/>\n<meta property=\"og:type\" content=\"article\" \/>\n<meta property=\"og:title\" content=\"Home - Frizbi\" \/>\n<meta property=\"og:url\" content=\"https:\/\/ep.letece-tacke.si\/\" \/>\n<meta property=\"og:site_name\" content=\"Frizbi\" \/>\n<meta property=\"article:modified_time\" content=\"2024-11-05T12:49:11+00:00\" \/>\n<meta property=\"og:image\" content=\"https:\/\/ep.letece-tacke.si\/wp-content\/uploads\/2020\/04\/9O9A7162-Edit-scaled.jpg\" \/>\n<meta name=\"twitter:card\" content=\"summary_large_image\" \/>\n<meta name=\"twitter:label1\" content=\"Est. reading time\" \/>\n\t<meta name=\"twitter:data1\" content=\"1 minuta\" \/>\n<script type=\"application\/ld+json\" class=\"yoast-schema-graph\">{\"@context\":\"https:\/\/schema.org\",\"@graph\":[{\"@type\":\"WebPage\",\"@id\":\"https:\/\/ep.letece-tacke.si\/\",\"url\":\"https:\/\/ep.letece-tacke.si\/\",\"name\":\"Home - Frizbi\",\"isPartOf\":{\"@id\":\"https:\/\/ep.letece-tacke.si\/#website\"},\"primaryImageOfPage\":{\"@id\":\"https:\/\/ep.letece-tacke.si\/#primaryimage\"},\"image\":{\"@id\":\"https:\/\/ep.letece-tacke.si\/#primaryimage\"},\"thumbnailUrl\":\"https:\/\/ep.letece-tacke.si\/wp-content\/uploads\/2020\/04\/9O9A7162-Edit-scaled.jpg\",\"datePublished\":\"2020-06-29T23:38:07+00:00\",\"dateModified\":\"2024-11-05T12:49:11+00:00\",\"breadcrumb\":{\"@id\":\"https:\/\/ep.letece-tacke.si\/#breadcrumb\"},\"inLanguage\":\"sl-SI\",\"potentialAction\":[{\"@type\":\"ReadAction\",\"target\":[\"https:\/\/ep.letece-tacke.si\/\"]}]},{\"@type\":\"ImageObject\",\"inLanguage\":\"sl-SI\",\"@id\":\"https:\/\/ep.letece-tacke.si\/#primaryimage\",\"url\":\"https:\/\/ep.letece-tacke.si\/wp-content\/uploads\/2020\/04\/9O9A7162-Edit-scaled.jpg\",\"contentUrl\":\"https:\/\/ep.letece-tacke.si\/wp-content\/uploads\/2020\/04\/9O9A7162-Edit-scaled.jpg\",\"width\":1707,\"height\":2560},{\"@type\":\"BreadcrumbList\",\"@id\":\"https:\/\/ep.letece-tacke.si\/#breadcrumb\",\"itemListElement\":[{\"@type\":\"ListItem\",\"position\":1,\"name\":\"Home\",\"item\":\"https:\/\/ep.letece-tacke.si\/\"},{\"@type\":\"ListItem\",\"position\":2,\"name\":\"Home\"}]},{\"@type\":\"WebSite\",\"@id\":\"https:\/\/ep.letece-tacke.si\/#website\",\"url\":\"https:\/\/ep.letece-tacke.si\/\",\"name\":\"Frizbi\",\"description\":\"Psi lovijo \u017eogice... legende letijo!\",\"publisher\":{\"@id\":\"https:\/\/ep.letece-tacke.si\/#organization\"},\"potentialAction\":[{\"@type\":\"SearchAction\",\"target\":{\"@type\":\"EntryPoint\",\"urlTemplate\":\"https:\/\/ep.letece-tacke.si\/?s={search_term_string}\"},\"query-input\":{\"@type\":\"PropertyValueSpecification\",\"valueRequired\":true,\"valueName\":\"search_term_string\"}}],\"inLanguage\":\"sl-SI\"},{\"@type\":\"Organization\",\"@id\":\"https:\/\/ep.letece-tacke.si\/#organization\",\"name\":\"Frizbi\",\"url\":\"https:\/\/ep.letece-tacke.si\/\",\"logo\":{\"@type\":\"ImageObject\",\"inLanguage\":\"sl-SI\",\"@id\":\"https:\/\/ep.letece-tacke.si\/#\/schema\/logo\/image\/\",\"url\":\"https:\/\/ep.letece-tacke.si\/wp-content\/uploads\/2024\/11\/TH_Logo.png\",\"contentUrl\":\"https:\/\/ep.letece-tacke.si\/wp-content\/uploads\/2024\/11\/TH_Logo.png\",\"width\":500,\"height\":500,\"caption\":\"Frizbi\"},\"image\":{\"@id\":\"https:\/\/ep.letece-tacke.si\/#\/schema\/logo\/image\/\"}}]}<\/script>\n<!-- \/ Yoast SEO plugin. -->","yoast_head_json":{"title":"Home - Frizbi","robots":{"index":"index","follow":"follow","max-snippet":"max-snippet:-1","max-image-preview":"max-image-preview:large","max-video-preview":"max-video-preview:-1"},"canonical":"https:\/\/ep.letece-tacke.si\/","og_locale":"sl_SI","og_type":"article","og_title":"Home - Frizbi","og_url":"https:\/\/ep.letece-tacke.si\/","og_site_name":"Frizbi","article_modified_time":"2024-11-05T12:49:11+00:00","og_image":[{"url":"https:\/\/ep.letece-tacke.si\/wp-content\/uploads\/2020\/04\/9O9A7162-Edit-scaled.jpg"}],"twitter_card":"summary_large_image","twitter_misc":{"Est. reading time":"1 minuta"},"schema":{"@context":"https:\/\/schema.org","@graph":[{"@type":"WebPage","@id":"https:\/\/ep.letece-tacke.si\/","url":"https:\/\/ep.letece-tacke.si\/","name":"Home - Frizbi","isPartOf":{"@id":"https:\/\/ep.letece-tacke.si\/#website"},"primaryImageOfPage":{"@id":"https:\/\/ep.letece-tacke.si\/#primaryimage"},"image":{"@id":"https:\/\/ep.letece-tacke.si\/#primaryimage"},"thumbnailUrl":"https:\/\/ep.letece-tacke.si\/wp-content\/uploads\/2020\/04\/9O9A7162-Edit-scaled.jpg","datePublished":"2020-06-29T23:38:07+00:00","dateModified":"2024-11-05T12:49:11+00:00","breadcrumb":{"@id":"https:\/\/ep.letece-tacke.si\/#breadcrumb"},"inLanguage":"sl-SI","potentialAction":[{"@type":"ReadAction","target":["https:\/\/ep.letece-tacke.si\/"]}]},{"@type":"ImageObject","inLanguage":"sl-SI","@id":"https:\/\/ep.letece-tacke.si\/#primaryimage","url":"https:\/\/ep.letece-tacke.si\/wp-content\/uploads\/2020\/04\/9O9A7162-Edit-scaled.jpg","contentUrl":"https:\/\/ep.letece-tacke.si\/wp-content\/uploads\/2020\/04\/9O9A7162-Edit-scaled.jpg","width":1707,"height":2560},{"@type":"BreadcrumbList","@id":"https:\/\/ep.letece-tacke.si\/#breadcrumb","itemListElement":[{"@type":"ListItem","position":1,"name":"Home","item":"https:\/\/ep.letece-tacke.si\/"},{"@type":"ListItem","position":2,"name":"Home"}]},{"@type":"WebSite","@id":"https:\/\/ep.letece-tacke.si\/#website","url":"https:\/\/ep.letece-tacke.si\/","name":"Frizbi","description":"Psi lovijo \u017eogice... legende letijo!","publisher":{"@id":"https:\/\/ep.letece-tacke.si\/#organization"},"potentialAction":[{"@type":"SearchAction","target":{"@type":"EntryPoint","urlTemplate":"https:\/\/ep.letece-tacke.si\/?s={search_term_string}"},"query-input":{"@type":"PropertyValueSpecification","valueRequired":true,"valueName":"search_term_string"}}],"inLanguage":"sl-SI"},{"@type":"Organization","@id":"https:\/\/ep.letece-tacke.si\/#organization","name":"Frizbi","url":"https:\/\/ep.letece-tacke.si\/","logo":{"@type":"ImageObject","inLanguage":"sl-SI","@id":"https:\/\/ep.letece-tacke.si\/#\/schema\/logo\/image\/","url":"https:\/\/ep.letece-tacke.si\/wp-content\/uploads\/2024\/11\/TH_Logo.png","contentUrl":"https:\/\/ep.letece-tacke.si\/wp-content\/uploads\/2024\/11\/TH_Logo.png","width":500,"height":500,"caption":"Frizbi"},"image":{"@id":"https:\/\/ep.letece-tacke.si\/#\/schema\/logo\/image\/"}}]}},"_links":{"self":[{"href":"https:\/\/ep.letece-tacke.si\/index.php\/wp-json\/wp\/v2\/pages\/105"}],"collection":[{"href":"https:\/\/ep.letece-tacke.si\/index.php\/wp-json\/wp\/v2\/pages"}],"about":[{"href":"https:\/\/ep.letece-tacke.si\/index.php\/wp-json\/wp\/v2\/types\/page"}],"author":[{"embeddable":true,"href":"https:\/\/ep.letece-tacke.si\/index.php\/wp-json\/wp\/v2\/users\/1"}],"replies":[{"embeddable":true,"href":"https:\/\/ep.letece-tacke.si\/index.php\/wp-json\/wp\/v2\/comments?post=105"}],"version-history":[{"count":6,"href":"https:\/\/ep.letece-tacke.si\/index.php\/wp-json\/wp\/v2\/pages\/105\/revisions"}],"predecessor-version":[{"id":295,"href":"https:\/\/ep.letece-tacke.si\/index.php\/wp-json\/wp\/v2\/pages\/105\/revisions\/295"}],"wp:attachment":[{"href":"https:\/\/ep.letece-tacke.si\/index.php\/wp-json\/wp\/v2\/media?parent=105"}],"curies":[{"name":"wp","href":"https:\/\/api.w.org\/{rel}","templated":true}]}}